{"id":2230,"date":"2018-05-15T14:12:17","date_gmt":"2018-05-15T14:12:17","guid":{"rendered":"https:\/\/leterrazzediserranova.com\/?page_id=2230"},"modified":"2018-05-28T09:36:15","modified_gmt":"2018-05-28T09:36:15","slug":"terms-and-conditions","status":"publish","type":"page","link":"https:\/\/leterrazzediserranova.com\/en\/terms-and-conditions\/","title":{"rendered":"Terms and conditions"},"content":{"rendered":"<p>[vc_row 0=&#8221;&#8221;][vc_column offset=&#8221;vc_col-lg-offset-2 vc_col-lg-8 vc_col-md-offset-2 vc_col-md-8&#8243;][\/vc_column][\/vc_row][vc_row css=&#8221;.vc_custom_1491215365578{margin-bottom: 140px !important;}&#8221;][vc_column offset=&#8221;vc_col-lg-offset-1 vc_col-lg-10 vc_col-md-offset-1 vc_col-md-10&#8243;][vc_column_text]Termini e Condizioni d&#8217;uso<br \/>\nPREMESSA<br \/>\nLe presenti condizioni generali hanno per oggetto l&#8217;acquisto di prodotti effettuato a distanza per mezzo di rete telematica tramite il sito https:\/\/www.leterrazzediserranova.com di propriet\u00e0 della SOCIETA&#8217; AGRICOLA VITTORIA SRL con sede legale in Contrada Montestazzo snc &#8211; 72012 Serranova di Carovigno (BR), Partita iva 02500430745.<br \/>\nLe operazioni di acquisto saranno regolate dalle disposizioni di cui al D. Lgs 206\/05, mentre la tutela della riservatezza (privacy) sar\u00e0 sottoposta alla disciplina INFORMATIVA A NORMA DELL\u2019ART. 13, D. LGS. 30.6.2003 N. 196 (Codice in materia di protezione dei dati personali) e ART.13 GDPR 679\/2016 (Regolamento Europeo sulla protezione dei dati personali). Le presenti condizioni generali sono valide dal giorno 30\/05\/2018. Potranno essere aggiornate o modificate da SOCIETA\u2019 AGRICOLA VITTORIA SRL in qualsiasi momento, senza preavviso, e avranno validit\u00e0 dalla data di pubblicazione nel sito internet https:\/\/www.leterrazzediserranova.com . Il consumatore si impegna ed obbliga, ogni qualvolta intervenga una modifica delle presenti condizioni generali, a prenderne visione e se lo ritiene opportuno a provvedere alla loro stampa e conservazione.<br \/>\nPer contratto di vendita on-line si intende il contratto a distanza stipulato tra un fornitore, SOCIETA\u2019 AGRICOLA VITTORIA SRL con sede legale in Contrada Montestazzo snc &#8211; 72012 Serranova di Carovigno (BR), Partita iva 02500430745, e un consumatore cliente, nell&#8217;ambito di un sistema di vendita a distanza organizzato dal fornitore, ossia il negozio giuridico avente per oggetto beni mobili e\/o servizi, che per tale contratto impiega esclusivamente la tecnologia di comunicazione a distanza denominata Internet.<br \/>\nPer consumatore s&#8217;intende la persona fisica che acquista beni e servizi per scopi non direttamente riferibili all&#8217;attivit\u00e0 professionale eventualmente svolta.<br \/>\nArt. 1: ACCETTAZIONE DELLE CONDIZIONI DI VENDITA<br \/>\n\u2022 1.1 Le condizioni previste nella premessa sono parte integrante ed essenziale del presente contratto.<br \/>\n\u2022 1.2 Tutti i contratti saranno conclusi direttamente mediante l&#8217;accesso da parte del Cliente (attivit\u00e0 e privati) al sito Internet corrispondente all&#8217;indirizzo https:\/\/www.leterrazzediserranova.com. A tal punto il Cliente potr\u00e0 concludere il contratto per l&#8217;acquisto del prodotto desiderato seguendo attentamente le indicazioni e le procedure previste.<br \/>\n\u2022 1.3 Le presenti condizioni generali di vendita devono essere esaminate on-line dal cliente, prima del completamento della procedura di acquisto. L&#8217;inoltro della conferma d&#8217;ordine pertanto implica totale conoscenza delle stesse e loro integrale accettazione.<br \/>\n\u2022 1.4 Il cliente, con l&#8217;invio telematico della conferma del proprio ordine d&#8217;acquisto, accetta incondizionatamente e si obbliga ad osservare, nei suoi rapporti con SOCIETA\u2019 AGRICOLA VITTORIA SRL, le condizioni generali e di pagamento di seguito illustrate, dichiarando di aver preso visione ed accettando tutte le indicazioni da lui fornite ai sensi delle norme sopra richiamate, prendendo altres\u00ec atto che SOCIETA\u2019 AGRICOLA VITTORIA SRL non si ritiene vincolata a condizioni diverse se non preventivamente concordate per iscritto.<br \/>\nArt. 2: PREZZI DI VENDITA E MODALIT\u00c0 D&#8217;ACQUISTO<br \/>\n\u2022 2.1 Tutti i prezzi di vendita dei prodotti esposti ed indicati all&#8217;interno del sito Internet https:\/\/www.leterrazzediserranova.com per i quali costituiscono offerta al pubblico ai sensi dell&#8217;art. 1336 c. c., sono comprensivi di I.V.A. e di ogni altra imposta.<br \/>\n\u2022 2.2 Il costo totale della spedizione sino al domicilio del cliente \u00e8 a carico del cliente stesso, salvo ove diversamente specificato. Tale costo sar\u00e0, in ogni caso reso noto al cliente prima della conferma dell&#8217;acquisto.<br \/>\n\u2022 2.3 Il contratto di acquisto si perfeziona mediante l&#8217;esatta compilazione e il consenso all&#8217;acquisto manifestato tramite l&#8217;adesione data on-line dopo essersi registrati.<br \/>\n\u2022 2.4 Il cliente pu\u00f2 pagare la merce ordinata utilizzando le modalit\u00e0 di pagamento indicate on-line all&#8217;atto dell&#8217;acquisto.<br \/>\n\u2022 2.5 I prezzi delle differenti tipologie di trasporto sono riferiti al peso, all&#8217;ingombro e alla destinazione di consegna.<br \/>\nArt. 3: MODALIT\u00c0 DI CONSEGNA<br \/>\n\u2022 3.1 SOCIETA\u2019 AGRICOLA VITTORIA SRL provveder\u00e0 a recapitare ai clienti, presso l&#8217;indirizzo indicato dal cliente, i prodotti selezionati ed ordinati, con le modalit\u00e0 previste dal precedente articolo, mediante corrieri.<br \/>\n\u2022 3.2 La merce acquistata sar\u00e0 consegnata entro i termini previsti dall&#8217;art. 6 D. Lgs 206\/05. Nessuna responsabilit\u00e0 potr\u00e0 essere attribuita al fornitore per ritardata o mancata consegna imputabile a cause di forza maggiore o caso fortuito. In dettaglio: verificate le disponibilit\u00e0 di magazzino, SOCIETA\u2019 AGRICOLA VITTORIA SRL provveder\u00e0 all&#8217;immediata evasione dell&#8217;ordine, all&#8217;indirizzo indicato sul modulo. Per alcuni prodotti potrebbero essere necessari alcuni giorni aggiuntivi per la reperibilit\u00e0. I normali tempi di consegna per il territorio italiano, a spedizione avvenuta, prevedono l&#8217;invio della merce entro 24 ore (non vanno considerati il fine settimana e i giorni festivi). In casi particolari, e se abiti nelle isole o in una zona periferica, i tempi di consegna potranno protrarsi fino alle 72\/96 ore. Per l&#8217;estero i tempi di consegna variano a seconda della zona di destinazione, a partire da un minimo di 3\/5 giorni lavorativi dal momento della spedizione.<br \/>\n\u2022 3.3 Il cliente \u00e8 tenuto a verificare, all&#8217;atto del ricevimento, la conformit\u00e0 del prodotto a lui consegnato con l&#8217;ordine effettuato; solo dopo tale verifica, e salvo ovviamente il diritto di recesso previsto al punto n. 8 il cliente dovr\u00e0 sottoscrivere i documenti di consegna.<br \/>\n\u2022 3.4 Al momento della consegna della merce, il cliente deve verificare l&#8217;integrit\u00e0 dei colli e la corrispondenza quantitativa e qualitativa con quanto indicato nel documento accompagnatorio. In caso di difformit\u00e0, la stessa dovr\u00e0 essere segnalata sul medesimo documento accompagnatorio e confermata, entro sette giorni via fax o raccomandata a. r., a SOCIETA\u2019 AGRICOLA VITTORIA SRL. Pur in presenza di imballo integro, la merce dovr\u00e0 essere verificata entro sette giorni dal ricevimento. Eventuali anomalie occulte, dovranno essere segnalate per iscritto a mezzo fax o raccomandata a. r.. Ogni segnalazione oltre i suddetti termini, non sar\u00e0 presa in considerazione. Per ogni dichiarazione, il cliente si assume la responsabilit\u00e0 piena di quanto dichiarato.<br \/>\n\u2022 3.5 La consegna a domicilio, salvo diverso accordo scritto fra le parti, avverr\u00e0 a piano terra e negli orari di ufficio: dalle ore 8.00 alle ore 13.00 e dalle 14.00 alle ore 18.00, di tutti i giorni, non festivi, dal luned\u00ec al venerd\u00ec.<br \/>\n\u2022 3.6 Il cliente \u00e8 tenuto a rendersi reperibile negli orari descritti al punto 3.4, onde evitare gli eventuali addebiti aggiuntivi per mancate consegne da parte del corriere espresso, addebiti che in caso contrario verteranno sul cliente stesso.<br \/>\n\u2022 3.7 SOCIETA\u2019 AGRICOLA VITTORIA SRL non \u00e8 responsabile dei danni causati dal vettore ai prodotti acquistati.<br \/>\nArt. 4: DISPONIBILIT\u00c0 DEI PRODOTTI<br \/>\n\u2022 4.1 Il cliente pu\u00f2 acquistare solo i prodotti attualmente presenti nel catalogo elettronico di SOCIETA\u2019 AGRICOLA VITTORIA SRL visibile on-line all&#8217;indirizzo (URL) https:\/\/www.leterrazzediserranova.com. Qualora la richiesta formulata tramite un ordine on-line dovesse superare la quantit\u00e0 disponibile per un dato articolo, SOCIETA\u2019 AGRICOLA VITTORIA SRL accetter\u00e0 l&#8217;acquisto limitatamente a quanto effettivamente a disposizione del suo magazzino virtuale. Sar\u00e0 cura del Servizio Clienti SOCIETA\u2019 AGRICOLA VITTORIA SRL rendere noto al cliente (via telefono o e-mail) se i prodotti ordinati saranno o no disponibili in futuro<br \/>\nArt. 5: RESPONSABILIT\u00c0<br \/>\n\u2022 5.1 SOCIETA\u2019 AGRICOLA VITTORIA SRL non assume alcuna responsabilit\u00e0 per i disservizi imputabili a causa di forza maggiore quali incidenti, esplosioni, incendi, scioperi e\/o serrate, terremoti, alluvioni ed altri similari eventi che impedissero, in tutto o in parte, di dare esecuzione nei tempi concordati al contratto.<br \/>\n\u2022 5.2 SOCIETA\u2019 AGRICOLA VITTORIA SRL non sar\u00e0 responsabile nei confronti di alcuna parte o di terzi in merito a danni, perdite e costi subiti a seguito della mancata esecuzione del contratto per le cause sopra citate, avendo il consumatore diritto soltanto alla restituzione del prezzo corrisposto.<br \/>\n\u2022 5.3 SOCIETA\u2019 AGRICOLA VITTORIA SRL non \u00e8 responsabile dell&#8217;eventuale uso fraudolento ed illecito che possa essere fatto da parte di terzi, di carte di credito, assegni ed altri mezzi di pagamento, all&#8217;atto del pagamento dei prodotti acquistati. SOCIETA\u2019 AGRICOLA VITTORIA SRL in nessun momento della procedura d&#8217;acquisto \u00e8 in grado di conoscere il numero di carta di credito dell&#8217;acquirente che, tramite una connessione protetta, \u00e8 trasmesso direttamente al gestore del servizio bancario.<br \/>\nArt. 6: GARANZIE E MODALIT\u00c0 DI ASSISTENZA<br \/>\nPREMESSA<br \/>\nLa qualit\u00e0 dei nostri prodotti si posiziona ai vertici delle rispettive categorie e le modalit\u00e0 di stoccaggio e di spedizione sono state disegnate per garantirne la conservazione nel tempo, il prodotto potrebbe differire lievemente da quello in foto presente sul sito https:\/\/www.leterrazzediserranova.com, ci\u00f2 dimostra l&#8217;artigianalit\u00e0 e l&#8217;alto profilo artistico che garantiscono l&#8217;unicit\u00e0 di ogni pezzo. SOCIETA\u2019 AGRICOLA VITTORIA SRL produce o acquista direttamente dalle aziende produttrici che certificano la qualit\u00e0 e dichiara che tutti i prodotti presenti nel catalogo e commercializzati sono conformi agli standard tecnici previsti dalla legge e dalla buona tecnica costruttiva e si considera esonerata da eventuali danni provocati dal cattivo uso dei prodotti senza aver adottato la normale diligenza da parte del Cliente.<br \/>\n\u2022 6.1 SOCIETA\u2019 AGRICOLA VITTORIA SRL, unico fornitore per il sito https:\/\/www.leterrazzediserranova.com, commercializza e produce prodotti di elevato livello qualitativo. Sia SOCIETA\u2019 AGRICOLA VITTORIA SRL chealtri soggetti produttori di tali beni offrono una garanzia la cui durata minima dipende dal tipo di prodotto acquistato. La garanzia decorre dal giorno dell&#8217;acquisto del bene. Tale servizio \u00e8 direttamente fornito dalle case produttrici dei beni<br \/>\nArt. 7: OBBLIGHI DELL&#8217;ACQUIRENTE<br \/>\n\u2022 7.1 Il consumatore si impegna e si obbliga, una volta conclusa la procedura d&#8217;acquisto on-line, a provvedere alla stampa ed alla conservazione delle presenti condizioni generali, che, peraltro, avr\u00e0 gi\u00e0 visionato ed accettato in quanto passaggio obbligato nell&#8217;acquisto, nonch\u00e9 delle specifiche del prodotto oggetto dell&#8217;acquisto, e ci\u00f2 al fine di soddisfare integralmente la condizione di cui agli art. 3 e 4 del D. Lgs 206\/05.<br \/>\n\u2022 7.2 Le presenti condizioni generali possono essere aggiornate o modificate in qualsiasi momento da SOCIETA\u2019 AGRICOLA VITTORIA SRL che provveder\u00e0 a darne comunicazione tramite il proprio sito web. Il consumatore si impegna ed obbliga, ogni qualvolta intervenga una modifica delle presenti condizioni generali, a provvedere alla loro stampa e conservazione.<br \/>\n\u2022 7.3 \u00c8 fatto severo divieto all&#8217;acquirente di inserire dati falsi, e\/o inventati, e\/o di fantasia, nella procedura di registrazione necessaria ad attivare nei suoi confronti l&#8217;iter per l&#8217;esecuzione del presente contratto e le relative ulteriori comunicazioni; i dati anagrafici e la e-mail devono essere esclusivamente i propri reali dati personali e non di terze persone, oppure di fantasia.<br \/>\n\u2022 7.4 \u00c8 espressamente vietato effettuare doppie registrazioni corrispondenti ad una sola persona o inserire dati di terze persone. SOCIETA\u2019 AGRICOLA VITTORIA SRL si riserva di perseguire legalmente ogni violazione ed abuso, nell&#8217;interesse e per la tutela dei consumatori tutti.<br \/>\n\u2022 7.5 Il Cliente solleva SOCIETA\u2019 AGRICOLA VITTORIA SRL da ogni responsabilit\u00e0 derivante dall&#8217;emissione di documenti fiscali errati a causa di errori relativi ai dati forniti dal Cliente, essendone il Cliente stesso unico responsabile del corretto inserimento.<br \/>\nArt. 8: DIRITTO DI RECESSO<br \/>\n\u2022 8.1 Ai sensi dell&#8217;art. 5 del D. Lgs 206\/05, il cliente pu\u00f2 esercitare il diritto di recesso, restituendo il bene ricevuto e ottenendo il rimborso del prezzo pagato.<br \/>\n\u2022 8.2 Il consumatore che per qualsiasi ragione non si ritenesse soddisfatto dell&#8217;acquisto effettuato, ha diritto di recedere dal contratto stipulato, senza alcuna penalit\u00e0 e senza specificarne il motivo, entro il termine di 10 giorni lavorativi decorrenti dal giorno del ricevimento del bene acquistato.<br \/>\n\u2022 8.3 Tutti i costi di ritorno dei prodotti sono a carico del cliente il quale, direttamente o tramite altro mezzo, provveder\u00e0 alla consegna dei medesimi presso il domicilio del venditore; tutti gli articoli dovranno pervenire nelle medesime condizioni di ricezione, provvisti degli imballi originali e degli eventuali manuali e\/o libretti di istruzione che facciano parte della confezione e dell&#8217;originario dell&#8217;imballaggio; non \u00e8 consentito il rinvio della merce con altra modalit\u00e0.<br \/>\n\u2022 8.4 Per esercitare il diritto di recesso il cliente dovr\u00e0, entro il termine sopra indicato, inviare lettera raccomandata con ricevuta di ritorno al seguente indirizzo: SOCIETA\u2019 AGRICOLA VITTORIA SRL Contrada Montestazzo snc &#8211; 72012 Serranova di Carovigno (BR), Partita iva 02500430745. Provvederemo, quindi, a rimborsare gli importi versati dal Cliente nel pi\u00f9 breve tempo possibile, e in ogni caso entro 30 giorni dalla data di ricezione della comunicazione di cui sopra, trattenendo il solo importo delle spese di spedizione, che resteranno definitivamente a carico del Cliente. Il diritto di recesso si applica solo ai beni integri al momento della restituzione e non pu\u00f2 essere esercitato per prodotti che, per loro natura, non possono essere rispediti o rischiano di alterarsi o deteriorarsi rapidamente.<br \/>\n\u2022 8.5 SOCIETA\u2019 AGRICOLA VITTORIA SRL accetter\u00e0 la merce resa riservandosi di constatare che i prodotti siano stati riconsegnati nello stato d&#8217;origine e con gli imballi originali; solo in tal caso provveder\u00e0 all&#8217;invio dell&#8217;importo versato dal consumatore per l&#8217;acquisto dei prodotti.<br \/>\n\u2022 8.6 Le spese di trasporto, sostenute per la consegna del prodotto al cliente e per l&#8217;eventuale riconsegna a SOCIETA\u2019 AGRICOLA VITTORIA SRL non sono rimborsabili.<br \/>\nArt. 9: AUTORIZZAZIONI<br \/>\n\u2022 9.1 Compilando l&#8217;apposito spazio, presente sul sito web, il Cliente autorizza SOCIETA\u2019 AGRICOLA VITTORIA SRL ad utilizzare propria carta di credito, o altra carta emessa in sostituzione della stessa, ed addebitare sul proprio conto corrente in favore di SOCIETA\u2019 AGRICOLA VITTORIA SRL l&#8217;importo totale evidenziato quale costo dell&#8217;acquisto effettuato &#8220;on-line&#8221;. Tutta la procedura \u00e8 fatta tramite connessione protetta direttamente collegata all&#8217;istituto bancario titolare e gestore del servizio di pagamento on-line Pay Pal, al quale SOCIETA\u2019 AGRICOLA VITTORIA SRL non pu\u00f2 accedere se prima non verr\u00e0 a conoscenza dei dati relativi alla carta di credito.<br \/>\n\u2022 9.2 Qualora il consumatore si dovesse avvalere del diritto di recesso, cos\u00ec come articolato al punto 8 delle presenti condizioni generali, l&#8217;importo da rimborsare sar\u00e0 accreditato alla medesima carta di credito.<br \/>\nArt. 10: RISOLUZIONE CONTRATTUALE E CLAUSOLA RISOLUTIVA ESPRESSA<br \/>\n\u2022 10.1 SOCIETA\u2019 AGRICOLA VITTORIA SRL ha la facolt\u00e0 di risolvere il contratto stipulato dandone semplice comunicazione al cliente indicando la motivazione; in tal caso il cliente avr\u00e0 diritto esclusivamente alla restituzione dell&#8217;eventuale somma gi\u00e0 corrisposta.<br \/>\n\u2022 10.2 Le obbligazioni assunte dal cliente di cui all&#8217;art. 7 (Obblighi dell&#8217;acquirente), nonch\u00e9 la garanzia del buon fine del pagamento che il cliente effettua con i mezzi di cui all&#8217;art. 2, hanno carattere essenziale, cosicch\u00e9 per patto espresso, la inadempienza, da parte del Cliente, di una soltanto di dette obbligazioni determiner\u00e0 la risoluzione di diritto del contratto ex art. 1456 c. c., senza necessit\u00e0 di pronuncia giudiziale, fatto salvo il diritto per SOCIETA\u2019 AGRICOLA VITTORIA SRL di agire in giudizio per il risarcimento dell&#8217;ulteriore danno.<br \/>\n\u2022 10.3 SOCIETA\u2019 AGRICOLA VITTORIA SRL ha il pieno rispetto della vostra privacy. I dati, che ci trasmetterete, saranno trattati mediante ausili elettronici e saranno utilizzati da SOCIETA\u2019 AGRICOLA VITTORIA SRL solo per permetterci la gestione degli ordini e delle spedizioni. In conformit\u00e0 alla INFORMATIVA A NORMA DELL\u2019ART. 13, D. LGS. 30.6.2003 N. 196 (Codice in materia di protezione dei dati personali) e ART.13 GDPR 679\/2016 (Regolamento Europeo sulla protezione dei dati personali), tutte le informazioni relative ai dati personali, agli ordini ed ai pagamenti effettuati sono strettamente riservate. Vi assicuriamo che in nessun caso e per nessun motivo divulgheremo i dati personali a terzi al di fuori di SOCIETA\u2019 AGRICOLA VITTORIA SRL. Tutti i dettagli relativi al trattamento dei dati personali secondo la legislazione italiana sono consultabili sul sito www.garanteprivacy.it<br \/>\nArt. 11: GIURISDIZIONE E FORO COMPETENTE<br \/>\n\u2022 11.1 Ogni controversia relativa alla applicazione, esecuzione, interpretazione e violazione dei contratti d&#8217;acquisto stipulati on-line tramite il sito web https:\/\/www.leterrazzediserranova.com \u00e8 sottoposta alla giurisdizione italiana; le presenti condizioni generali si riportano, per quanto non espressamente ivi previsto, al combinato disposto del D. lgs. n. 50 del 15.1.1992 e del D. Lgs 206\/05.<br \/>\n\u2022 11.2 Per qualsiasi controversia tra le parti in merito al presente contratto sar\u00e0 competente il Foro di Brindisi<\/p>\n<p>o Spese di spedizione:<br \/>\nLe spese di spedizione, (salvo particolari promozioni ed altri accordi commerciali) sono a totale carico del cliente, e verranno calcolate in automatico dal sistema in base al peso.<\/p>\n<p>Diritto di Recesso:<br \/>\nSOCIETA\u2019 AGRICOLA VITTORIA SRL riconosce il diritto di recesso come previsto dalla normativa vigente. Il termine utile per avvalersi di tale diritto \u00e8 di 10 gg entro i quali il cliente \u00e8 tenuto a darcene comunicazione con lettera A\/R (Indirizzo: SOCIETA\u2019 AGRICOLA VITTORIA SRL , Contrada Montestazzo snc &#8211; 72012 Serranova di Carovigno (BR), Partita iva 02500430745, oppure attraverso il nostro form di contatto.<br \/>\n1. Il bene acquistato dovr\u00e0 essere integro e restituito nell&#8217; imballo originale.<br \/>\n2. Il Cliente dovr\u00e0 riconsegnare il prodotto nei tempi e nelle modalit\u00e0 sopra descritte. Le spese di riconsegna sono a carico del cliente stesso.<br \/>\n3. Al suo arrivo in magazzino, il prodotto sar\u00e0 esaminato per valutare eventuali danni o manomissioni non derivanti dal trasporto.<br \/>\n4. Dopo aver controllato l&#8217; integrit\u00e0 dei beni, provvederemo a riaccreditarvi la somma gi\u00e0 versata attraverso bonifico bancario sul c\/c da voi comunicato al nostro servizio clienti. Il rimborso riguarda il prezzo del prodotto escluse le spese di spedizione e verr\u00e0 effettuato entro e non oltre 30 giorni dal momento in cui ci sar\u00e0 restituita la merce per la quale si vuole esercitare il diritto di recesso.<\/p>\n<p>Restituzione merce\/Resi:<br \/>\nIn tutti i casi di restituzione merce al mittente, le spese di trasporto sono a carico del cliente. In caso di merce difettosa, le spese di riconsegna per la sostituzione del prodotto sono a carico di SOCIETA\u2019 AGRICOLA VITTORIA SRL.<\/p>\n<p>Consegne dei Prodotti:<br \/>\nSOCIETA\u2019 AGRICOLA VITTORIA SRL consegna i suoi prodotti all&#8217; interno del Territorio Nazionale Italiano, in tutti i paesi dell&#8217; Unione europea ed in Svizzera. La spedizione viene effettuata entro 2 giorni dall&#8217;ordine.<\/p>\n<p>Come comportarsi alla consegna del prodotto:<br \/>\nQuando il corriere effettuer\u00e0 la consegna dovrai verificare:<br \/>\n1) Che il pacco sia integro, non danneggiato n\u00e9 bagnato e comunque conforme alle caratteristiche standard di un pacco;<br \/>\n2) Che il numero dei colli (numero di pacchi) indicato sulla fattura sia corrispondente al numero di colli effettivamente consegnato.<br \/>\nEventuali contestazioni devono essere immediatamente sollevate al vettore, in mancanza di queste, il prodotto si considera consegnato correttamente. La fattura, contenuta nell&#8217; apposita tasca applicata all&#8217; esterno del pacco va conservata.<\/p>\n<p>Come comportarsi in caso di danno da TRASPORTO:<br \/>\nSe allo scarico della merce risulta un danno evidente all&#8217;imballo occorre esprimere una riserva scritta sul DDT (o bollettino) di consegna e respingere la merce danneggiata.<\/p>\n<p>Forme di Pagamento:<br \/>\nSOCIETA\u2019 AGRICOLA VITTORIA SRL accetta le seguenti forme di pagamento:<br \/>\nPagamento in contrassegno, Paypal e\/o Carte di credito, Postepay, Bonifico bancario anticipato.<\/p>\n<p>Pagamenti con Paypal e\/o Carte di credito:<br \/>\nPaypal: L&#8217;utente paga direttamente tramite il portale Paypal.<\/p>\n<p>Nota Bene:<br \/>\n\u00b7 L&#8217;intestatario dell&#8217;ordine dovr\u00e0 essere il titolare del conto Paypal.<br \/>\n\u00b7 Occorre fornire un numero telefono di rete fissa di casa non riservato<br \/>\n\u00b7 I prodotti saranno spediti all&#8217;indirizzo dell&#8217;intestatario dell&#8217;ordine.<\/p>\n<p>Pagamenti con Bonifico Bancario:<br \/>\nConto intestato a: SOCIETA\u2019 AGRICOLA VITTORIA SRL Contrada Montestazzo snc &#8211; 72012 Serranova di Carovigno (BR), Partita iva 02500430745, Banca di appoggio: Banca Sella spa IBAN: IT62Y0326815900052232144800. Resta inteso che, qualora si scelga il bonifico bancario la merce verr\u00e0 spedita solamente dopo aver verificato l&#8217;avvenuto accredito presso il nostro c\/c bancario. La causale da riportare sul bonifico bancario dovr\u00e0 indicare: il numero dell&#8217;ordine, il nome e il cognome dell&#8217;ordinante. Allo stato attuale del sistema bancario, l&#8217;importo bonificato viene accreditato sul c\/c del beneficiario non prima di 3\/5 giorni lavorativi dalla data di effettuazione dello stesso. Se entro 8\/10 giorni dall&#8217;effettuazione dell&#8217;ordine non riceveremo il pagamento, l&#8217;ordine verr\u00e0 eliminato.<\/p>\n<p>Accettiamo queste modalit\u00e0 di pagamento:<br \/>\n\u00b7 Bonifico Bancario: al momento dell&#8217;effettuazione dell&#8217;ordine vi verranno comunicati i dati per l&#8217;accredito dell&#8217;importo<br \/>\n\u00b7 Paypal: Pagamento direttamente dal sito Paypal<\/p>\n<p>[\/vc_column_text][\/vc_column][\/vc_row]<\/p>\n","protected":false},"excerpt":{"rendered":"<p>[vc_row 0=&#8221;&#8221;][vc_column offset=&#8221;vc_col-lg-offset-2 vc_col-lg-8 vc_col-md-offset-2 vc_col-md-8&#8243;][\/vc_column][\/vc_row][vc_row css=&#8221;.vc_custom_1491215365578{margin-bottom: 140px !important;}&#8221;][vc_column offset=&#8221;vc_col-lg-offset-1 vc_col-lg-10 vc_col-md-offset-1 vc_col-md-10&#8243;][vc_column_text]Termini e Condizioni d&#8217;uso PREMESSA Le presenti condizioni generali hanno per oggetto l&#8217;acquisto di prodotti effettuato a distanza per mezzo di rete telematica tramite il sito https:\/\/www.leterrazzediserranova.com di propriet\u00e0 della SOCIETA&#8217; AGRICOLA VITTORIA SRL con sede legale in Contrada Montestazzo snc &#8211; 72012 [&hellip;]<\/p>\n","protected":false},"author":1,"featured_media":0,"parent":0,"menu_order":0,"comment_status":"closed","ping_status":"closed","template":"templates\/page-builder.php","meta":[],"_links":{"self":[{"href":"https:\/\/leterrazzediserranova.com\/en\/wp-json\/wp\/v2\/pages\/2230"}],"collection":[{"href":"https:\/\/leterrazzediserranova.com\/en\/wp-json\/wp\/v2\/pages"}],"about":[{"href":"https:\/\/leterrazzediserranova.com\/en\/wp-json\/wp\/v2\/types\/page"}],"author":[{"embeddable":true,"href":"https:\/\/leterrazzediserranova.com\/en\/wp-json\/wp\/v2\/users\/1"}],"replies":[{"embeddable":true,"href":"https:\/\/leterrazzediserranova.com\/en\/wp-json\/wp\/v2\/comments?post=2230"}],"version-history":[{"count":2,"href":"https:\/\/leterrazzediserranova.com\/en\/wp-json\/wp\/v2\/pages\/2230\/revisions"}],"predecessor-version":[{"id":2352,"href":"https:\/\/leterrazzediserranova.com\/en\/wp-json\/wp\/v2\/pages\/2230\/revisions\/2352"}],"wp:attachment":[{"href":"https:\/\/leterrazzediserranova.com\/en\/wp-json\/wp\/v2\/media?parent=2230"}],"curies":[{"name":"wp","href":"https:\/\/api.w.org\/{rel}","templated":true}]}}