{"id":2224,"date":"2018-05-14T15:56:22","date_gmt":"2018-05-14T15:56:22","guid":{"rendered":"https:\/\/leterrazzediserranova.com\/?page_id=2224"},"modified":"2018-06-06T09:34:12","modified_gmt":"2018-06-06T09:34:12","slug":"privacy-and-cookie","status":"publish","type":"page","link":"https:\/\/leterrazzediserranova.com\/en\/privacy-and-cookie\/","title":{"rendered":"Privacy and Cookie"},"content":{"rendered":"<p>[vc_row 0=&#8221;&#8221;][vc_column offset=&#8221;vc_col-lg-offset-2 vc_col-lg-8 vc_col-md-offset-2 vc_col-md-8&#8243;][\/vc_column][\/vc_row][vc_row css=&#8221;.vc_custom_1526393612230{margin-bottom: 140px !important;padding-top: 20px !important;}&#8221;][vc_column offset=&#8221;vc_col-lg-offset-1 vc_col-lg-10 vc_col-md-offset-1 vc_col-md-10&#8243;][vc_column_text]Ai sensi del Regolamento UE n. 2016\/679 (cosiddetto GDPR) le comunichiamo che il titolare del trattamento ai sensi del Codice Privacy \u00e8 Agricola Vittoria srl con sede in Carovigno. I dati personali che Agricola Vittoria tratta in modo lecito e secondo correttezza per fornire i propri servizi on line, riguardano: dati anagrafici, indirizzi, recapiti telefonici e indirizzi email.<\/p>\n<p>\u2013 denominazione sociale: SOCIETA\u2019 AGRICOLA VITTORIA SRL<br \/>\n\u2013 indirizzo completo sede legale: Contrada Montestazzo snc \u2013 72012 Serranova di Carovigno (BR)<br \/>\n\u2013 Partita IVA: 02500430745<br \/>\n\u2013 importo capitale sociale: 10.000,00 euro \u2013 2500,00 euro versato<br \/>\n\u2013 numero REA: BR \u2013 150606<br \/>\n\u2013 indirizzo PEC: vittoriagricola@pec.it<\/p>\n<p>In particolare le comunichiamo quanto segue:<\/p>\n<p>FINALIT\u00c0<br \/>\nI trattamenti connessi ai servizi web di questo sito sono curati da collaboratori. Nessun dato derivante dal servizio web viene comunicato o diffuso a terzi. I dati personali forniti dagli utenti che inoltrano richieste di servizi sono utilizzati al solo fine di eseguire il servizio o la presentazione richiesta e non sono comunicati a soggetti terzi salvo che la comunicazione sia imposta da obblighi di legge o sia strettamente necessario per l\u2019adempimento delle richieste.<br \/>\nMODALIT\u00c0<br \/>\nI dati personali sono trattati con strumenti informatici automatizzati,per il tempo necessario a conseguire lo scopo per il quale sono stati raccolti. Specifiche misure di sicurezza sono osservate per prevenire la perdita dei dati, usi illeciti o non corretti ed accessi non autorizzati.<br \/>\nNATURA OBBLIGATORIA O FACOLTATIVA DEL CONFERIMENTO DEI DATI<br \/>\nLa raccolta dei suoi dati personali, contrassegnati da asterisco, nella scheda di registrazione o durante l\u2019uso del servizio e-commerce, \u00e8 necessaria per consentirti di effettuare le transazioni on line. L\u2019eventuale suo rifiuto a comunicare tali dati personali comporta l\u2019impossibilit\u00e0 di completare la registrazione e di usufruire del servizio. I suoi dati personali sono raccolti e trattati mediante strumenti elettronici e in ogni caso, automatizzati.<br \/>\nIN QUALSIASI MOMENTO LEI POTRA&#8217; ESERCITARE I DIRITTI DI CUI all&#8217;art. 15 del GDPR che, ad ogni buon fine, vengono di seguito riportati.<br \/>\n1. L&#8217;interessato ha diritto di ottenere la conferma dell&#8217;esistenza o meno di dati personali che lo riguardano, anche se non ancora registrati, e la loro comunicazione in forma intelligibile.<br \/>\n2. L&#8217;interessato ha diritto di ottenere l&#8217;indicazione:<br \/>\n&#8211; dell&#8217;origine dei dati personali;<br \/>\n&#8211; delle finalit\u00e0 e modalit\u00e0 del trattamento;<br \/>\n&#8211; della logica applicata in caso di trattamento effettuato con l&#8217;ausilio di strumenti elettronici;<br \/>\n&#8211; degli estremi identificativi del titolare, dei responsabili e del rappresentante designato ai sensi dell&#8217;articolo 5, comma 2;<br \/>\n&#8211; dei soggetti o delle categorie di soggetti ai quali i dati personali possono essere comunicati o che possono venirne a conoscenza in qualit\u00e0 di rappresentante designato nel territorio dello Stato, di responsabili o incaricati.<br \/>\n3. L&#8217;interessato ha diritto di ottenere: a) l&#8217;aggiornamento, la rettificazione ovvero, quando vi ha interesse, l&#8217;integrazione dei dati; b) la cancellazione, la trasformazione in forma anonima o il blocco dei dati trattati in violazione di legge, compresi quelli di cui non \u00e8 necessaria la conservazione in relazione agli scopi per i quali i dati sono stati raccolti o successivamente trattati; c) l&#8217;attestazione che le operazioni di cui alle lettere a) e b) sono state portate a conoscenza, anche per quanto riguarda il loro contenuto, di coloro ai quali i dati sono stati comunicati o diffusi, eccettuato il caso in cui tale adempimento si rivela impossibile o comporta un impiego di mezzi manifestamente sproporzionato rispetto al diritto tutelato.<br \/>\n4. L&#8217;interessato ha diritto di opporsi, in tutto o in parte:<br \/>\n&#8211; per motivi legittimi al trattamento dei dati personali che lo riguardano, ancorch\u00e9 pertinenti allo scopo della raccolta;<br \/>\n&#8211; al trattamento di dati personali che lo riguardano a fini di invio di materiale pubblicitario o di vendita diretta o per il compimento di ricerche di mercato o di comunicazione commerciale.<br \/>\nCOMUNICAZIONE<br \/>\nAgricola Vittoria tratta i dati personali da lei forniti al solo scopo di consentirle di usufruire dei relativi servizi; i dati non sono oggetto di comunicazione e\/o diffusione a terzi. L\u2019accesso ai suoi dati personali sar\u00e0 consentito esclusivamente al titolare e ai responsabili della gestione dei dati che sono stati designati quali \u201cincaricati\u201d del trattamento per offrire supporto agli utenti in relazione ai servizi offerti, per rispondere alle richieste di Autorit\u00e0 Giudiziaria. Una nota speciale per i minori: i minori di 18 anni non possono utilizzare i nostri servizi; pertanto non devono fornire alcun loro dato personale nel processo di registrazione. Se hai meno di 18 anni non puoi usufruire dei nostri servizi, in quanto rivolti al solo pubblico maggiorenne.<br \/>\nInformativa estesa sui Cookie<br \/>\nI Cookie sono porzioni di codice installate all&#8217;interno del browser utilizzate dal Titolare per l&#8217;erogazione del servizio in base alle finalit\u00e0 descritte in seguito. Alcune delle finalit\u00e0 di installazione dei Cookie potrebbero, necessitare del consenso dell\u2019Utente.<\/p>\n<p>Cookie tecnici e di statistica aggregata<\/p>\n<p>Attivit\u00e0 strettamente necessarie al funzionamento<br \/>\nQuesta Applicazione Web utilizza Cookie per salvare la sessione dell&#8217;Utente e per svolgere altre attivit\u00e0 necessarie al funzionamento dello stesso, ad esempio in relazione all&#8217;inserimento di prodotti nel carrello virtuale.<br \/>\nAttivit\u00e0 di salvataggio delle preferenze, ottimizzazione e statistica<br \/>\nQuesta Applicazione Web utilizza Cookie per salvare le preferenze di navigazione ed ottimizzare l&#8217;esperienza di navigazione del visitatore, cliente o utente. Fra questi Cookie rientrano, ad esempio, quelli per impostare la lingua e la valuta o per la gestione di statistiche da parte del Titolare del sito.<\/p>\n<p>Altre tipologie di Cookie o strumenti terzi che potrebbero farne utilizzo<br \/>\nAlcuni dei servizi di seguito raccolgono statistiche in forma aggregata e potrebbero, non richiedere il consenso dell&#8217;Utente o potrebbero essere gestiti direttamente dal Titolare, a seconda di quanto descritto, senza l&#8217;ausilio di terze parti.<br \/>\nQualora fra gli strumenti indicati in seguito ci fossero servizi gestiti da terze parti, queste potrebbero, in aggiunta a quanto specificato ed anche senza la conoscenza da parte del Titolare, compiere attivit\u00e0 di tracciamento dell\u2019Utente. Per informazioni dettagliate in merito, si consiglia di consultare le privacy policy di ciascuno dei servizi elencati.<\/p>\n<p>Statistica<br \/>\nI servizi contenuti nella presente sezione permettono al Titolare del Trattamento di monitorare e analizzare il traffico dati e servono a tener traccia del comportamento dell\u2019Utente.<\/p>\n<p>Google Analytics (Google)<br \/>\nGoogle Analytics \u00e8 un servizio di analisi web fornito da Google Inc. (\u201cGoogle\u201d). Google utilizza i Dati Personali raccolti allo scopo di tracciare ed esaminare l\u2019utilizzo di questa Applicazione Web, compilare report e condividerli con gli altri servizi sviluppati da Google.<br \/>\nGoogle potrebbe utilizzare i Dati Personali per ottimizzare e personalizzare gli annunci del proprio network pubblicitario.<br \/>\nDati personali raccolti: Cookie e Dati di utilizzo.<br \/>\nIl luogo del trattamento si trova negli USA di seguito Privacy Policy e Opt Out<\/p>\n<p>Monitoraggio delle conversioni di Facebook Ads (Facebook, Inc.)<br \/>\nIl monitoraggio delle conversioni di Facebook Ads \u00e8 un servizio statistico fornito da Facebook, Inc. che collega i dati provenienti dal network di annunci Facebook con le azioni compiute all&#8217;interno di questa Applicazione Web.<br \/>\nDati personali raccolti: Cookie e Dati di utilizzo.<br \/>\nIl luogo del trattamento si trova negli USA di seguito Privacy Policy<\/p>\n<p>Monitoraggio conversioni di Google AdWords (Google Inc.)<br \/>\nIl monitoraggio conversioni di Google AdWords \u00e8 un servizio di statistiche fornito da Google Inc. che collega i dati provenienti dal network di annunci Google AdWords con le azioni compiute all&#8217;interno di questa Applicazione Web.<br \/>\nDati personali raccolti: Cookie e Dati di utilizzo.<br \/>\nIl luogo del trattamento si trova negli USA di seguito Privacy Policy<\/p>\n<p>Remarketing e Behavioral Targeting<br \/>\nQuesti servizi consentono a questa Applicazione Web ed ai suoi partner di ottimizzare e mostrare annunci pubblicitari basati sull&#8217;utilizzo pregresso di questa Applicazione Web da parte dell&#8217;Utente.<br \/>\nQuesta attivit\u00e0 viene effettuata tramite il tracciamento dei Dati di Utilizzo e l&#8217;uso di Cookie, informazioni che vengono trasferite ai partner che effettuano l&#8217;attivit\u00e0 di remarketing e behavioral targeting.<\/p>\n<p>AdWords Remarketing (Google)<br \/>\nAdWords Remarketing \u00e8 un servizio di Remarketing e Behavioral Targeting fornito da Google Inc. che collega l&#8217;attivit\u00e0 di questa Applicazione Web con il network pubblicitario Adwords ed il Cookie Doubleclick.<br \/>\nDati personali raccolti: Cookie e Dati di utilizzo.<br \/>\nIl luogo del trattamento si trova negli USA di seguito Privacy Policy \u2013 Opt Out<\/p>\n<p>Facebook Custom Audience (Facebook, Inc.)<br \/>\nFacebook Custom Audience \u00e8 un servizio di Remarketing e Behavioral Targeting fornito da Facebook, Inc. che collega l&#8217;attivit\u00e0 di questa Applicazione Web con il network pubblicitario di Facebook.<br \/>\nDati personali raccolti: Cookie e Email.<br \/>\nIl luogo del trattamento si trova negli USA di seguito Privacy Policy \u2013 Opt Out<\/p>\n<p>Facebook Remarketing (Facebook, Inc.)<br \/>\nFacebook Remarketing \u00e8 un servizio di Remarketing e Behavioral Targeting fornito da Facebook, Inc. che collega l&#8217;attivit\u00e0 di questa Applicazione Web con il network pubblicitario di Facebook.<br \/>\nDati personali raccolti: Cookie e Dati di utilizzo.<br \/>\nIl luogo del trattamento si trova negli USA di seguito Privacy Policy \u2013 Opt Out<\/p>\n<p>Come posso controllare l&#8217;installazione di Cookie?<br \/>\nIn aggiunta a quanto dichiarato in questo documento, l&#8217;Utente pu\u00f2 gestire le preferenze relative ai Cookie sul proprio browser ed impedire, ad esempio, che terze parti possano installarli. Tramite le preferenze del browser \u00e8 possibile anche eliminare i Cookie installati precedentemente, incluso il Cookie in cui venga eventualmente salvato il consenso all&#8217;installazione di Cookie da parte di questo sito. \u00c8 importante notare che disabilitando tutti i Cookie, il funzionamento di questo sito sar\u00e0 compromesso. L&#8217;Utente pu\u00f2 trovare informazioni per gestire i Cookie nel suo browser ai seguenti indirizzi: Google Chrome, Mozilla Firefox, Apple Safari e Microsoft Windows Explorer.<br \/>\nIn caso di servizi erogati da terze parti, l&#8217;Utente pu\u00f2 opporsi al tracciamento leggendo la privacy policy della terza parte e attraverso il link di opt out se esplicitamente fornito o contattando direttamente la terza parte.<br \/>\nFermo restando quanto precede, il Titolare informa che l\u2019Utente pu\u00f2 utilizzare il servizio Your Online Choices. Attraverso il quale \u00e8 possibile gestire le preferenze di tracciamento della maggior parte degli strumenti pubblicitari.<\/p>\n<p>Titolare del Trattamento dei Dati<br \/>\nAgricola Vittoria srl con sede legale in Carovigno V c.da Montestazzo sn vittoriagricola@pec.it<br \/>\nDal momento che l&#8217;installazione di Cookie e di altri sistemi di tracciamento operata da terze parti tramite i servizi utilizzati all&#8217;interno di questa Applicazione Web non pu\u00f2 essere tecnicamente controllata dal Titolare, ogni riferimento specifico a Cookie e sistemi di tracciamento installati da terze parti \u00e8 da considerarsi indicativo. Per ottenere informazioni complete, si consiglia di consultare la privacy policy dei servizi terzi elencati.<br \/>\nVista la complessit\u00e0 legata all&#8217;identificazione delle tecnologie basate sui Cookie ed alla loro integrazione molto stretta con il funzionamento del web, l&#8217;Utente pu\u00f2 contattare il Titolare qualora volesse ricevere chiarimenti relativi all&#8217;utilizzo dei Cookie stessi effettuati tramite questo sito.[\/vc_column_text][\/vc_column][\/vc_row]<\/p>\n","protected":false},"excerpt":{"rendered":"<p>[vc_row 0=&#8221;&#8221;][vc_column offset=&#8221;vc_col-lg-offset-2 vc_col-lg-8 vc_col-md-offset-2 vc_col-md-8&#8243;][\/vc_column][\/vc_row][vc_row css=&#8221;.vc_custom_1526393612230{margin-bottom: 140px !important;padding-top: 20px !important;}&#8221;][vc_column offset=&#8221;vc_col-lg-offset-1 vc_col-lg-10 vc_col-md-offset-1 vc_col-md-10&#8243;][vc_column_text]Ai sensi del Regolamento UE n. 2016\/679 (cosiddetto GDPR) le comunichiamo che il titolare del trattamento ai sensi del Codice Privacy \u00e8 Agricola Vittoria srl con sede in Carovigno. I dati personali che Agricola Vittoria tratta in modo lecito e secondo [&hellip;]<\/p>\n","protected":false},"author":1,"featured_media":0,"parent":0,"menu_order":0,"comment_status":"closed","ping_status":"closed","template":"templates\/page-builder.php","meta":[],"_links":{"self":[{"href":"https:\/\/leterrazzediserranova.com\/en\/wp-json\/wp\/v2\/pages\/2224"}],"collection":[{"href":"https:\/\/leterrazzediserranova.com\/en\/wp-json\/wp\/v2\/pages"}],"about":[{"href":"https:\/\/leterrazzediserranova.com\/en\/wp-json\/wp\/v2\/types\/page"}],"author":[{"embeddable":true,"href":"https:\/\/leterrazzediserranova.com\/en\/wp-json\/wp\/v2\/users\/1"}],"replies":[{"embeddable":true,"href":"https:\/\/leterrazzediserranova.com\/en\/wp-json\/wp\/v2\/comments?post=2224"}],"version-history":[{"count":5,"href":"https:\/\/leterrazzediserranova.com\/en\/wp-json\/wp\/v2\/pages\/2224\/revisions"}],"predecessor-version":[{"id":2524,"href":"https:\/\/leterrazzediserranova.com\/en\/wp-json\/wp\/v2\/pages\/2224\/revisions\/2524"}],"wp:attachment":[{"href":"https:\/\/leterrazzediserranova.com\/en\/wp-json\/wp\/v2\/media?parent=2224"}],"curies":[{"name":"wp","href":"https:\/\/api.w.org\/{rel}","templated":true}]}}